{"id":3535,"date":"2025-07-15T13:41:19","date_gmt":"2025-07-15T13:41:19","guid":{"rendered":"https:\/\/wellflex.eu\/?page_id=3535"},"modified":"2025-08-20T12:04:08","modified_gmt":"2025-08-20T12:04:08","slug":"cart","status":"publish","type":"page","link":"https:\/\/wellflex.eu\/fr\/cart\/","title":{"rendered":"Koszyk"},"content":{"rendered":"<div data-elementor-type=\"wp-page\" data-elementor-id=\"3535\" class=\"elementor elementor-3535\" data-elementor-post-type=\"page\">\n\t\t\t\t\t\t\t<div class=\"elementor-element elementor-element-2df326fa e-flex e-con-boxed e-con e-parent\" data-id=\"2df326fa\" data-element_type=\"container\" data-settings=\"{&quot;container_type&quot;:&quot;flex&quot;,&quot;content_width&quot;:&quot;boxed&quot;}\" data-core-v316-plus=\"true\">\n\t\t\t\t\t<div class=\"e-con-inner\">\n\t\t\t\t\t<\/div>\n\t\t\t\t<\/div>\n\t\t\t\t\t\t\t<\/div>","protected":false},"excerpt":{"rendered":"<p>Usu\u0144 Miniatura Produkt Cena Ilo\u015b\u0107 Kwota &times; M8 PRZENO\u015aNY APARAT PRESOTERAPEUTYCZNY DO DRENA\u017bU LIMFATYCZNEGO (Z MANKIETAMI), 8- KOMOROWY, Z CYFROW\u0104 REGULACJ\u0104 UCISKU WELLFLEXM*- 1400,00&nbsp;&#122;&#322; ilo\u015b\u0107 M8 PRZENO\u015aNY APARAT PRESOTERAPEUTYCZNY DO DRENA\u017bU LIMFATYCZNEGO (Z MANKIETAMI), 8- KOMOROWY, Z CYFROW\u0104 REGULACJ\u0104 UCISKU WELLFLEXM*- 1400,00&nbsp;&#122;&#322; Aktualizuj koszyk Dodaj kupon ca\u0142y koszyk Kwota 1400,00&nbsp;&#122;&#322; Wysy\u0142ka Free shipping Wysy\u0142ka do: [&hellip;]<\/p>","protected":false},"author":1,"featured_media":0,"parent":0,"menu_order":0,"comment_status":"closed","ping_status":"closed","template":"elementor_header_footer","meta":{"footnotes":""},"class_list":["post-3535","page","type-page","status-publish","hentry"],"yoast_head":"<!-- This site is optimized with the Yoast SEO plugin v22.4 - https:\/\/yoast.com\/wordpress\/plugins\/seo\/ -->\n<title>Koszyk - Wellflex<\/title>\n<meta name=\"robots\" content=\"index, follow, max-snippet:-1, max-image-preview:large, max-video-preview:-1\" \/>\n<link rel=\"canonical\" href=\"https:\/\/wellflex.eu\/fr\/cart\/\" \/>\n<meta property=\"og:locale\" content=\"fr_FR\" \/>\n<meta property=\"og:type\" content=\"article\" \/>\n<meta property=\"og:title\" content=\"Koszyk - Wellflex\" \/>\n<meta property=\"og:description\" content=\"Usu\u0144 Miniatura Produkt Cena Ilo\u015b\u0107 Kwota &times; M8 PRZENO\u015aNY APARAT PRESOTERAPEUTYCZNY DO DRENA\u017bU LIMFATYCZNEGO (Z MANKIETAMI), 8- KOMOROWY, Z CYFROW\u0104 REGULACJ\u0104 UCISKU WELLFLEXM*- 1400,00&nbsp;&#122;&#322; ilo\u015b\u0107 M8 PRZENO\u015aNY APARAT PRESOTERAPEUTYCZNY DO DRENA\u017bU LIMFATYCZNEGO (Z MANKIETAMI), 8- KOMOROWY, Z CYFROW\u0104 REGULACJ\u0104 UCISKU WELLFLEXM*- 1400,00&nbsp;&#122;&#322; Aktualizuj koszyk Dodaj kupon ca\u0142y koszyk Kwota 1400,00&nbsp;&#122;&#322; Wysy\u0142ka Free shipping Wysy\u0142ka do: [&hellip;]\" \/>\n<meta property=\"og:url\" content=\"https:\/\/wellflex.eu\/fr\/cart\/\" \/>\n<meta property=\"og:site_name\" content=\"Wellflex\" \/>\n<meta property=\"article:modified_time\" content=\"2025-08-20T12:04:08+00:00\" \/>\n<meta property=\"og:image\" content=\"http:\/\/wellflex.eu\/wp-content\/uploads\/2025\/07\/bfdecac6f81cca0eed69245f90a22bf6-300x300.jpg\" \/>\n<meta name=\"twitter:card\" content=\"summary_large_image\" \/>\n<meta name=\"twitter:label1\" content=\"Est. reading time\" \/>\n\t<meta name=\"twitter:data1\" content=\"1 minute\" \/>\n<script type=\"application\/ld+json\" class=\"yoast-schema-graph\">{\"@context\":\"https:\/\/schema.org\",\"@graph\":[{\"@type\":\"WebPage\",\"@id\":\"https:\/\/wellflex.eu\/fr\/cart\/\",\"url\":\"https:\/\/wellflex.eu\/fr\/cart\/\",\"name\":\"Koszyk - Wellflex\",\"isPartOf\":{\"@id\":\"https:\/\/wellflex.eu\/#website\"},\"primaryImageOfPage\":{\"@id\":\"https:\/\/wellflex.eu\/fr\/cart\/#primaryimage\"},\"image\":{\"@id\":\"https:\/\/wellflex.eu\/fr\/cart\/#primaryimage\"},\"thumbnailUrl\":\"http:\/\/wellflex.eu\/wp-content\/uploads\/2025\/07\/bfdecac6f81cca0eed69245f90a22bf6-300x300.jpg\",\"datePublished\":\"2025-07-15T13:41:19+00:00\",\"dateModified\":\"2025-08-20T12:04:08+00:00\",\"breadcrumb\":{\"@id\":\"https:\/\/wellflex.eu\/fr\/cart\/#breadcrumb\"},\"inLanguage\":\"fr-FR\",\"potentialAction\":[{\"@type\":\"ReadAction\",\"target\":[\"https:\/\/wellflex.eu\/fr\/cart\/\"]}]},{\"@type\":\"ImageObject\",\"inLanguage\":\"fr-FR\",\"@id\":\"https:\/\/wellflex.eu\/fr\/cart\/#primaryimage\",\"url\":\"http:\/\/wellflex.eu\/wp-content\/uploads\/2025\/07\/bfdecac6f81cca0eed69245f90a22bf6-300x300.jpg\",\"contentUrl\":\"http:\/\/wellflex.eu\/wp-content\/uploads\/2025\/07\/bfdecac6f81cca0eed69245f90a22bf6-300x300.jpg\"},{\"@type\":\"BreadcrumbList\",\"@id\":\"https:\/\/wellflex.eu\/fr\/cart\/#breadcrumb\",\"itemListElement\":[{\"@type\":\"ListItem\",\"position\":1,\"name\":\"Home\",\"item\":\"https:\/\/wellflex.eu\/\"},{\"@type\":\"ListItem\",\"position\":2,\"name\":\"Koszyk\"}]},{\"@type\":\"WebSite\",\"@id\":\"https:\/\/wellflex.eu\/#website\",\"url\":\"https:\/\/wellflex.eu\/\",\"name\":\"Oxymatic\",\"description\":\"presoterapia w sporcie\",\"publisher\":{\"@id\":\"https:\/\/wellflex.eu\/#organization\"},\"potentialAction\":[{\"@type\":\"SearchAction\",\"target\":{\"@type\":\"EntryPoint\",\"urlTemplate\":\"https:\/\/wellflex.eu\/?s={search_term_string}\"},\"query-input\":\"required name=search_term_string\"}],\"inLanguage\":\"fr-FR\"},{\"@type\":\"Organization\",\"@id\":\"https:\/\/wellflex.eu\/#organization\",\"name\":\"Oxymatic\",\"url\":\"https:\/\/wellflex.eu\/\",\"logo\":{\"@type\":\"ImageObject\",\"inLanguage\":\"fr-FR\",\"@id\":\"https:\/\/wellflex.eu\/#\/schema\/logo\/image\/\",\"url\":\"http:\/\/wellflex.eu\/wp-content\/uploads\/2023\/12\/Oxymatic-logo-green-1.svg\",\"contentUrl\":\"http:\/\/wellflex.eu\/wp-content\/uploads\/2023\/12\/Oxymatic-logo-green-1.svg\",\"width\":195,\"height\":43,\"caption\":\"Oxymatic\"},\"image\":{\"@id\":\"https:\/\/wellflex.eu\/#\/schema\/logo\/image\/\"}}]}<\/script>\n<!-- \/ Yoast SEO plugin. -->","yoast_head_json":{"title":"Koszyk - Wellflex","robots":{"index":"index","follow":"follow","max-snippet":"max-snippet:-1","max-image-preview":"max-image-preview:large","max-video-preview":"max-video-preview:-1"},"canonical":"https:\/\/wellflex.eu\/fr\/cart\/","og_locale":"fr_FR","og_type":"article","og_title":"Koszyk - Wellflex","og_description":"Usu\u0144 Miniatura Produkt Cena Ilo\u015b\u0107 Kwota &times; M8 PRZENO\u015aNY APARAT PRESOTERAPEUTYCZNY DO DRENA\u017bU LIMFATYCZNEGO (Z MANKIETAMI), 8- KOMOROWY, Z CYFROW\u0104 REGULACJ\u0104 UCISKU WELLFLEXM*- 1400,00&nbsp;&#122;&#322; ilo\u015b\u0107 M8 PRZENO\u015aNY APARAT PRESOTERAPEUTYCZNY DO DRENA\u017bU LIMFATYCZNEGO (Z MANKIETAMI), 8- KOMOROWY, Z CYFROW\u0104 REGULACJ\u0104 UCISKU WELLFLEXM*- 1400,00&nbsp;&#122;&#322; Aktualizuj koszyk Dodaj kupon ca\u0142y koszyk Kwota 1400,00&nbsp;&#122;&#322; Wysy\u0142ka Free shipping Wysy\u0142ka do: [&hellip;]","og_url":"https:\/\/wellflex.eu\/fr\/cart\/","og_site_name":"Wellflex","article_modified_time":"2025-08-20T12:04:08+00:00","og_image":[{"url":"http:\/\/wellflex.eu\/wp-content\/uploads\/2025\/07\/bfdecac6f81cca0eed69245f90a22bf6-300x300.jpg"}],"twitter_card":"summary_large_image","twitter_misc":{"Est. reading time":"1 minute"},"schema":{"@context":"https:\/\/schema.org","@graph":[{"@type":"WebPage","@id":"https:\/\/wellflex.eu\/fr\/cart\/","url":"https:\/\/wellflex.eu\/fr\/cart\/","name":"Koszyk - Wellflex","isPartOf":{"@id":"https:\/\/wellflex.eu\/#website"},"primaryImageOfPage":{"@id":"https:\/\/wellflex.eu\/fr\/cart\/#primaryimage"},"image":{"@id":"https:\/\/wellflex.eu\/fr\/cart\/#primaryimage"},"thumbnailUrl":"http:\/\/wellflex.eu\/wp-content\/uploads\/2025\/07\/bfdecac6f81cca0eed69245f90a22bf6-300x300.jpg","datePublished":"2025-07-15T13:41:19+00:00","dateModified":"2025-08-20T12:04:08+00:00","breadcrumb":{"@id":"https:\/\/wellflex.eu\/fr\/cart\/#breadcrumb"},"inLanguage":"fr-FR","potentialAction":[{"@type":"ReadAction","target":["https:\/\/wellflex.eu\/fr\/cart\/"]}]},{"@type":"ImageObject","inLanguage":"fr-FR","@id":"https:\/\/wellflex.eu\/fr\/cart\/#primaryimage","url":"http:\/\/wellflex.eu\/wp-content\/uploads\/2025\/07\/bfdecac6f81cca0eed69245f90a22bf6-300x300.jpg","contentUrl":"http:\/\/wellflex.eu\/wp-content\/uploads\/2025\/07\/bfdecac6f81cca0eed69245f90a22bf6-300x300.jpg"},{"@type":"BreadcrumbList","@id":"https:\/\/wellflex.eu\/fr\/cart\/#breadcrumb","itemListElement":[{"@type":"ListItem","position":1,"name":"Home","item":"https:\/\/wellflex.eu\/"},{"@type":"ListItem","position":2,"name":"Koszyk"}]},{"@type":"WebSite","@id":"https:\/\/wellflex.eu\/#website","url":"https:\/\/wellflex.eu\/","name":"Oxymatic","description":"presoterapia w sporcie","publisher":{"@id":"https:\/\/wellflex.eu\/#organization"},"potentialAction":[{"@type":"SearchAction","target":{"@type":"EntryPoint","urlTemplate":"https:\/\/wellflex.eu\/?s={search_term_string}"},"query-input":"required name=search_term_string"}],"inLanguage":"fr-FR"},{"@type":"Organization","@id":"https:\/\/wellflex.eu\/#organization","name":"Oxymatic","url":"https:\/\/wellflex.eu\/","logo":{"@type":"ImageObject","inLanguage":"fr-FR","@id":"https:\/\/wellflex.eu\/#\/schema\/logo\/image\/","url":"http:\/\/wellflex.eu\/wp-content\/uploads\/2023\/12\/Oxymatic-logo-green-1.svg","contentUrl":"http:\/\/wellflex.eu\/wp-content\/uploads\/2023\/12\/Oxymatic-logo-green-1.svg","width":195,"height":43,"caption":"Oxymatic"},"image":{"@id":"https:\/\/wellflex.eu\/#\/schema\/logo\/image\/"}}]}},"_links":{"self":[{"href":"https:\/\/wellflex.eu\/fr\/wp-json\/wp\/v2\/pages\/3535","targetHints":{"allow":["GET"]}}],"collection":[{"href":"https:\/\/wellflex.eu\/fr\/wp-json\/wp\/v2\/pages"}],"about":[{"href":"https:\/\/wellflex.eu\/fr\/wp-json\/wp\/v2\/types\/page"}],"author":[{"embeddable":true,"href":"https:\/\/wellflex.eu\/fr\/wp-json\/wp\/v2\/users\/1"}],"replies":[{"embeddable":true,"href":"https:\/\/wellflex.eu\/fr\/wp-json\/wp\/v2\/comments?post=3535"}],"version-history":[{"count":11,"href":"https:\/\/wellflex.eu\/fr\/wp-json\/wp\/v2\/pages\/3535\/revisions"}],"predecessor-version":[{"id":3613,"href":"https:\/\/wellflex.eu\/fr\/wp-json\/wp\/v2\/pages\/3535\/revisions\/3613"}],"wp:attachment":[{"href":"https:\/\/wellflex.eu\/fr\/wp-json\/wp\/v2\/media?parent=3535"}],"curies":[{"name":"wp","href":"https:\/\/api.w.org\/{rel}","templated":true}]}}