{"id":3572,"date":"2025-07-15T13:55:29","date_gmt":"2025-07-15T13:55:29","guid":{"rendered":"https:\/\/wellflex.eu\/product\/przenosny-aparat-presoterapeutyczny-do-drenazu-limfatycznego-z-mankietami-8-komorowy-z-cyfrowa-regulacja-ucisku-wellflex\/"},"modified":"2025-07-18T11:25:17","modified_gmt":"2025-07-18T11:25:17","slug":"m8-przenosny-aparat-presoterapeutyczny-do-drenazu-limfatycznego-z-mankietami-8-komorowy-z-cyfrowa-regulacja-ucisku-wellflex","status":"publish","type":"product","link":"https:\/\/wellflex.eu\/fr\/product\/m8-przenosny-aparat-presoterapeutyczny-do-drenazu-limfatycznego-z-mankietami-8-komorowy-z-cyfrowa-regulacja-ucisku-wellflex\/","title":{"rendered":"M8 APPAREIL PORTABLE DE DRAINAGE LYMPHATIQUE PAR PRESSION (AVEC BRASSARDS), 8 CHAMBRES, AVEC R\u00c9GLAGE NUM\u00c9RIQUE DE LA COMPRESSION WELLFLEXM*-."},"content":{"rendered":"","protected":false},"excerpt":{"rendered":"<p>Profitez de soins corporels professionnels avec <b>WELLFLEX\u00ae M8<\/b> - sophistiqu\u00e9 <b>dispositif de drainage lymphatique<\/b> (th\u00e9rapie par pression). Gr\u00e2ce \u00e0 sa conception sans fil et \u00e0 sa batterie rechargeable int\u00e9gr\u00e9e, il offre commodit\u00e9 et s\u00e9curit\u00e9.<b> la mobilit\u00e9 pendant les traitements.<\/b> Cinq programmes de massage avanc\u00e9s et un jeu de manchettes \u00e0 8 compartiments pour les jambes offrent un massage par compression intense qui r\u00e9pondra aux besoins des utilisateurs les plus exigeants.<\/p>\n<\/h1>\n<h1>\n<p class=\"MsoNormal\" align=\"center\" style=\"text-align:center\">\n<\/h1>","protected":false},"featured_media":3552,"comment_status":"open","ping_status":"closed","template":"","meta":[],"product_brand":[],"product_cat":[54,53],"product_tag":[],"class_list":{"0":"post-3572","1":"product","2":"type-product","3":"status-publish","4":"has-post-thumbnail","6":"product_cat-mobile","7":"product_cat-presoterapia","9":"first","10":"instock","11":"taxable","12":"shipping-taxable","13":"purchasable","14":"product-type-simple"},"yoast_head":"<!-- This site is optimized with the Yoast SEO plugin v22.4 - https:\/\/yoast.com\/wordpress\/plugins\/seo\/ -->\n<title>M8 PRZENO\u015aNY APARAT PRESOTERAPEUTYCZNY DO DRENA\u017bU LIMFATYCZNEGO (Z MANKIETAMI), 8- KOMOROWY, Z CYFROW\u0104 REGULACJ\u0104 UCISKU WELLFLEXM*- Wellflex<\/title>\n<meta name=\"robots\" content=\"index, follow, max-snippet:-1, max-image-preview:large, max-video-preview:-1\" \/>\n<link rel=\"canonical\" href=\"https:\/\/wellflex.eu\/fr\/product\/m8-przenosny-aparat-presoterapeutyczny-do-drenazu-limfatycznego-z-mankietami-8-komorowy-z-cyfrowa-regulacja-ucisku-wellflex\/\" \/>\n<meta property=\"og:locale\" content=\"fr_FR\" \/>\n<meta property=\"og:type\" content=\"article\" \/>\n<meta property=\"og:title\" content=\"M8 PRZENO\u015aNY APARAT PRESOTERAPEUTYCZNY DO DRENA\u017bU LIMFATYCZNEGO (Z MANKIETAMI), 8- KOMOROWY, Z CYFROW\u0104 REGULACJ\u0104 UCISKU WELLFLEXM*- Wellflex\" \/>\n<meta property=\"og:description\" content=\"Ciesz si\u0119 profesjonalnymi zabiegami na cia\u0142o dzi\u0119ki WELLFLEX\u00ae M8 - zaawansowanemu urz\u0105dzeniu do drena\u017cu limfatycznego (presoterapii). Dzi\u0119ki bezprzewodowej konstrukcji i wbudowanemu akumulatorowi zapewnia on wygod\u0119 i mobilno\u015b\u0107 podczas zabieg\u00f3w. Pi\u0119\u0107 zaawansowanych program\u00f3w masa\u017cu oraz zestaw 8-komorowych mankiet\u00f3w na nogi oferuj\u0105 intensywny masa\u017c uciskowy, kt\u00f3ry spe\u0142ni oczekiwania nawet najbardziej wymagaj\u0105cych u\u017cytkownik\u00f3w.\" \/>\n<meta property=\"og:url\" content=\"https:\/\/wellflex.eu\/fr\/product\/m8-przenosny-aparat-presoterapeutyczny-do-drenazu-limfatycznego-z-mankietami-8-komorowy-z-cyfrowa-regulacja-ucisku-wellflex\/\" \/>\n<meta property=\"og:site_name\" content=\"Wellflex\" \/>\n<meta property=\"article:modified_time\" content=\"2025-07-18T11:25:17+00:00\" \/>\n<meta property=\"og:image\" content=\"https:\/\/wellflex.eu\/wp-content\/uploads\/2025\/07\/bfdecac6f81cca0eed69245f90a22bf6.jpg\" \/>\n\t<meta property=\"og:image:width\" content=\"2250\" \/>\n\t<meta property=\"og:image:height\" content=\"2250\" \/>\n\t<meta property=\"og:image:type\" content=\"image\/jpeg\" \/>\n<meta name=\"twitter:card\" content=\"summary_large_image\" \/>\n<script type=\"application\/ld+json\" class=\"yoast-schema-graph\">{\"@context\":\"https:\/\/schema.org\",\"@graph\":[{\"@type\":\"WebPage\",\"@id\":\"https:\/\/wellflex.eu\/product\/m8-przenosny-aparat-presoterapeutyczny-do-drenazu-limfatycznego-z-mankietami-8-komorowy-z-cyfrowa-regulacja-ucisku-wellflex\/\",\"url\":\"https:\/\/wellflex.eu\/product\/m8-przenosny-aparat-presoterapeutyczny-do-drenazu-limfatycznego-z-mankietami-8-komorowy-z-cyfrowa-regulacja-ucisku-wellflex\/\",\"name\":\"M8 PRZENO\u015aNY APARAT PRESOTERAPEUTYCZNY DO DRENA\u017bU LIMFATYCZNEGO (Z MANKIETAMI), 8- KOMOROWY, Z CYFROW\u0104 REGULACJ\u0104 UCISKU WELLFLEXM*- Wellflex\",\"isPartOf\":{\"@id\":\"https:\/\/wellflex.eu\/#website\"},\"primaryImageOfPage\":{\"@id\":\"https:\/\/wellflex.eu\/product\/m8-przenosny-aparat-presoterapeutyczny-do-drenazu-limfatycznego-z-mankietami-8-komorowy-z-cyfrowa-regulacja-ucisku-wellflex\/#primaryimage\"},\"image\":{\"@id\":\"https:\/\/wellflex.eu\/product\/m8-przenosny-aparat-presoterapeutyczny-do-drenazu-limfatycznego-z-mankietami-8-komorowy-z-cyfrowa-regulacja-ucisku-wellflex\/#primaryimage\"},\"thumbnailUrl\":\"https:\/\/wellflex.eu\/wp-content\/uploads\/2025\/07\/bfdecac6f81cca0eed69245f90a22bf6.jpg\",\"datePublished\":\"2025-07-15T13:55:29+00:00\",\"dateModified\":\"2025-07-18T11:25:17+00:00\",\"breadcrumb\":{\"@id\":\"https:\/\/wellflex.eu\/product\/m8-przenosny-aparat-presoterapeutyczny-do-drenazu-limfatycznego-z-mankietami-8-komorowy-z-cyfrowa-regulacja-ucisku-wellflex\/#breadcrumb\"},\"inLanguage\":\"fr-FR\",\"potentialAction\":[{\"@type\":\"ReadAction\",\"target\":[\"https:\/\/wellflex.eu\/product\/m8-przenosny-aparat-presoterapeutyczny-do-drenazu-limfatycznego-z-mankietami-8-komorowy-z-cyfrowa-regulacja-ucisku-wellflex\/\"]}]},{\"@type\":\"ImageObject\",\"inLanguage\":\"fr-FR\",\"@id\":\"https:\/\/wellflex.eu\/product\/m8-przenosny-aparat-presoterapeutyczny-do-drenazu-limfatycznego-z-mankietami-8-komorowy-z-cyfrowa-regulacja-ucisku-wellflex\/#primaryimage\",\"url\":\"https:\/\/wellflex.eu\/wp-content\/uploads\/2025\/07\/bfdecac6f81cca0eed69245f90a22bf6.jpg\",\"contentUrl\":\"https:\/\/wellflex.eu\/wp-content\/uploads\/2025\/07\/bfdecac6f81cca0eed69245f90a22bf6.jpg\",\"width\":2250,\"height\":2250,\"caption\":\"8fedcc7118b655b4ff34384e6096c73e\"},{\"@type\":\"BreadcrumbList\",\"@id\":\"https:\/\/wellflex.eu\/product\/m8-przenosny-aparat-presoterapeutyczny-do-drenazu-limfatycznego-z-mankietami-8-komorowy-z-cyfrowa-regulacja-ucisku-wellflex\/#breadcrumb\",\"itemListElement\":[{\"@type\":\"ListItem\",\"position\":1,\"name\":\"Home\",\"item\":\"https:\/\/wellflex.eu\/\"},{\"@type\":\"ListItem\",\"position\":2,\"name\":\"shop\",\"item\":\"https:\/\/wellflex.eu\/shop\/\"},{\"@type\":\"ListItem\",\"position\":3,\"name\":\"M8 PRZENO\u015aNY APARAT PRESOTERAPEUTYCZNY DO DRENA\u017bU LIMFATYCZNEGO (Z MANKIETAMI), 8- KOMOROWY, Z CYFROW\u0104 REGULACJ\u0104 UCISKU WELLFLEXM*-\"}]},{\"@type\":\"WebSite\",\"@id\":\"https:\/\/wellflex.eu\/#website\",\"url\":\"https:\/\/wellflex.eu\/\",\"name\":\"Oxymatic\",\"description\":\"presoterapia w sporcie\",\"publisher\":{\"@id\":\"https:\/\/wellflex.eu\/#organization\"},\"potentialAction\":[{\"@type\":\"SearchAction\",\"target\":{\"@type\":\"EntryPoint\",\"urlTemplate\":\"https:\/\/wellflex.eu\/?s={search_term_string}\"},\"query-input\":\"required name=search_term_string\"}],\"inLanguage\":\"fr-FR\"},{\"@type\":\"Organization\",\"@id\":\"https:\/\/wellflex.eu\/#organization\",\"name\":\"Oxymatic\",\"url\":\"https:\/\/wellflex.eu\/\",\"logo\":{\"@type\":\"ImageObject\",\"inLanguage\":\"fr-FR\",\"@id\":\"https:\/\/wellflex.eu\/#\/schema\/logo\/image\/\",\"url\":\"http:\/\/wellflex.eu\/wp-content\/uploads\/2023\/12\/Oxymatic-logo-green-1.svg\",\"contentUrl\":\"http:\/\/wellflex.eu\/wp-content\/uploads\/2023\/12\/Oxymatic-logo-green-1.svg\",\"width\":195,\"height\":43,\"caption\":\"Oxymatic\"},\"image\":{\"@id\":\"https:\/\/wellflex.eu\/#\/schema\/logo\/image\/\"}}]}<\/script>\n<!-- \/ Yoast SEO plugin. -->","yoast_head_json":{"title":"M8 PRZENO\u015aNY APARAT PRESOTERAPEUTYCZNY DO DRENA\u017bU LIMFATYCZNEGO (Z MANKIETAMI), 8- KOMOROWY, Z CYFROW\u0104 REGULACJ\u0104 UCISKU WELLFLEXM*- Wellflex","robots":{"index":"index","follow":"follow","max-snippet":"max-snippet:-1","max-image-preview":"max-image-preview:large","max-video-preview":"max-video-preview:-1"},"canonical":"https:\/\/wellflex.eu\/fr\/product\/m8-przenosny-aparat-presoterapeutyczny-do-drenazu-limfatycznego-z-mankietami-8-komorowy-z-cyfrowa-regulacja-ucisku-wellflex\/","og_locale":"fr_FR","og_type":"article","og_title":"M8 PRZENO\u015aNY APARAT PRESOTERAPEUTYCZNY DO DRENA\u017bU LIMFATYCZNEGO (Z MANKIETAMI), 8- KOMOROWY, Z CYFROW\u0104 REGULACJ\u0104 UCISKU WELLFLEXM*- Wellflex","og_description":"Ciesz si\u0119 profesjonalnymi zabiegami na cia\u0142o dzi\u0119ki WELLFLEX\u00ae M8 - zaawansowanemu urz\u0105dzeniu do drena\u017cu limfatycznego (presoterapii). Dzi\u0119ki bezprzewodowej konstrukcji i wbudowanemu akumulatorowi zapewnia on wygod\u0119 i mobilno\u015b\u0107 podczas zabieg\u00f3w. Pi\u0119\u0107 zaawansowanych program\u00f3w masa\u017cu oraz zestaw 8-komorowych mankiet\u00f3w na nogi oferuj\u0105 intensywny masa\u017c uciskowy, kt\u00f3ry spe\u0142ni oczekiwania nawet najbardziej wymagaj\u0105cych u\u017cytkownik\u00f3w.","og_url":"https:\/\/wellflex.eu\/fr\/product\/m8-przenosny-aparat-presoterapeutyczny-do-drenazu-limfatycznego-z-mankietami-8-komorowy-z-cyfrowa-regulacja-ucisku-wellflex\/","og_site_name":"Wellflex","article_modified_time":"2025-07-18T11:25:17+00:00","og_image":[{"width":2250,"height":2250,"url":"https:\/\/wellflex.eu\/wp-content\/uploads\/2025\/07\/bfdecac6f81cca0eed69245f90a22bf6.jpg","type":"image\/jpeg"}],"twitter_card":"summary_large_image","schema":{"@context":"https:\/\/schema.org","@graph":[{"@type":"WebPage","@id":"https:\/\/wellflex.eu\/product\/m8-przenosny-aparat-presoterapeutyczny-do-drenazu-limfatycznego-z-mankietami-8-komorowy-z-cyfrowa-regulacja-ucisku-wellflex\/","url":"https:\/\/wellflex.eu\/product\/m8-przenosny-aparat-presoterapeutyczny-do-drenazu-limfatycznego-z-mankietami-8-komorowy-z-cyfrowa-regulacja-ucisku-wellflex\/","name":"M8 PRZENO\u015aNY APARAT PRESOTERAPEUTYCZNY DO DRENA\u017bU LIMFATYCZNEGO (Z MANKIETAMI), 8- KOMOROWY, Z CYFROW\u0104 REGULACJ\u0104 UCISKU WELLFLEXM*- Wellflex","isPartOf":{"@id":"https:\/\/wellflex.eu\/#website"},"primaryImageOfPage":{"@id":"https:\/\/wellflex.eu\/product\/m8-przenosny-aparat-presoterapeutyczny-do-drenazu-limfatycznego-z-mankietami-8-komorowy-z-cyfrowa-regulacja-ucisku-wellflex\/#primaryimage"},"image":{"@id":"https:\/\/wellflex.eu\/product\/m8-przenosny-aparat-presoterapeutyczny-do-drenazu-limfatycznego-z-mankietami-8-komorowy-z-cyfrowa-regulacja-ucisku-wellflex\/#primaryimage"},"thumbnailUrl":"https:\/\/wellflex.eu\/wp-content\/uploads\/2025\/07\/bfdecac6f81cca0eed69245f90a22bf6.jpg","datePublished":"2025-07-15T13:55:29+00:00","dateModified":"2025-07-18T11:25:17+00:00","breadcrumb":{"@id":"https:\/\/wellflex.eu\/product\/m8-przenosny-aparat-presoterapeutyczny-do-drenazu-limfatycznego-z-mankietami-8-komorowy-z-cyfrowa-regulacja-ucisku-wellflex\/#breadcrumb"},"inLanguage":"fr-FR","potentialAction":[{"@type":"ReadAction","target":["https:\/\/wellflex.eu\/product\/m8-przenosny-aparat-presoterapeutyczny-do-drenazu-limfatycznego-z-mankietami-8-komorowy-z-cyfrowa-regulacja-ucisku-wellflex\/"]}]},{"@type":"ImageObject","inLanguage":"fr-FR","@id":"https:\/\/wellflex.eu\/product\/m8-przenosny-aparat-presoterapeutyczny-do-drenazu-limfatycznego-z-mankietami-8-komorowy-z-cyfrowa-regulacja-ucisku-wellflex\/#primaryimage","url":"https:\/\/wellflex.eu\/wp-content\/uploads\/2025\/07\/bfdecac6f81cca0eed69245f90a22bf6.jpg","contentUrl":"https:\/\/wellflex.eu\/wp-content\/uploads\/2025\/07\/bfdecac6f81cca0eed69245f90a22bf6.jpg","width":2250,"height":2250,"caption":"8fedcc7118b655b4ff34384e6096c73e"},{"@type":"BreadcrumbList","@id":"https:\/\/wellflex.eu\/product\/m8-przenosny-aparat-presoterapeutyczny-do-drenazu-limfatycznego-z-mankietami-8-komorowy-z-cyfrowa-regulacja-ucisku-wellflex\/#breadcrumb","itemListElement":[{"@type":"ListItem","position":1,"name":"Home","item":"https:\/\/wellflex.eu\/"},{"@type":"ListItem","position":2,"name":"shop","item":"https:\/\/wellflex.eu\/shop\/"},{"@type":"ListItem","position":3,"name":"M8 PRZENO\u015aNY APARAT PRESOTERAPEUTYCZNY DO DRENA\u017bU LIMFATYCZNEGO (Z MANKIETAMI), 8- KOMOROWY, Z CYFROW\u0104 REGULACJ\u0104 UCISKU WELLFLEXM*-"}]},{"@type":"WebSite","@id":"https:\/\/wellflex.eu\/#website","url":"https:\/\/wellflex.eu\/","name":"Oxymatic","description":"presoterapia w sporcie","publisher":{"@id":"https:\/\/wellflex.eu\/#organization"},"potentialAction":[{"@type":"SearchAction","target":{"@type":"EntryPoint","urlTemplate":"https:\/\/wellflex.eu\/?s={search_term_string}"},"query-input":"required name=search_term_string"}],"inLanguage":"fr-FR"},{"@type":"Organization","@id":"https:\/\/wellflex.eu\/#organization","name":"Oxymatic","url":"https:\/\/wellflex.eu\/","logo":{"@type":"ImageObject","inLanguage":"fr-FR","@id":"https:\/\/wellflex.eu\/#\/schema\/logo\/image\/","url":"http:\/\/wellflex.eu\/wp-content\/uploads\/2023\/12\/Oxymatic-logo-green-1.svg","contentUrl":"http:\/\/wellflex.eu\/wp-content\/uploads\/2023\/12\/Oxymatic-logo-green-1.svg","width":195,"height":43,"caption":"Oxymatic"},"image":{"@id":"https:\/\/wellflex.eu\/#\/schema\/logo\/image\/"}}]}},"_links":{"self":[{"href":"https:\/\/wellflex.eu\/fr\/wp-json\/wp\/v2\/product\/3572","targetHints":{"allow":["GET"]}}],"collection":[{"href":"https:\/\/wellflex.eu\/fr\/wp-json\/wp\/v2\/product"}],"about":[{"href":"https:\/\/wellflex.eu\/fr\/wp-json\/wp\/v2\/types\/product"}],"replies":[{"embeddable":true,"href":"https:\/\/wellflex.eu\/fr\/wp-json\/wp\/v2\/comments?post=3572"}],"version-history":[{"count":3,"href":"https:\/\/wellflex.eu\/fr\/wp-json\/wp\/v2\/product\/3572\/revisions"}],"predecessor-version":[{"id":3599,"href":"https:\/\/wellflex.eu\/fr\/wp-json\/wp\/v2\/product\/3572\/revisions\/3599"}],"wp:featuredmedia":[{"embeddable":true,"href":"https:\/\/wellflex.eu\/fr\/wp-json\/wp\/v2\/media\/3552"}],"wp:attachment":[{"href":"https:\/\/wellflex.eu\/fr\/wp-json\/wp\/v2\/media?parent=3572"}],"wp:term":[{"taxonomy":"product_brand","embeddable":true,"href":"https:\/\/wellflex.eu\/fr\/wp-json\/wp\/v2\/product_brand?post=3572"},{"taxonomy":"product_cat","embeddable":true,"href":"https:\/\/wellflex.eu\/fr\/wp-json\/wp\/v2\/product_cat?post=3572"},{"taxonomy":"product_tag","embeddable":true,"href":"https:\/\/wellflex.eu\/fr\/wp-json\/wp\/v2\/product_tag?post=3572"}],"curies":[{"name":"wp","href":"https:\/\/api.w.org\/{rel}","templated":true}]}}